{"id":105,"date":"2021-07-28T16:21:25","date_gmt":"2021-07-28T14:21:25","guid":{"rendered":"http:\/\/przedszkole4.slawno.pl\/?page_id=105"},"modified":"2023-10-25T15:28:10","modified_gmt":"2023-10-25T13:28:10","slug":"regulamin-przedszkola","status":"publish","type":"page","link":"http:\/\/przedszkole4.slawno.pl\/?page_id=105","title":{"rendered":"Regulamin przedszkola"},"content":{"rendered":"\n<p><strong><em>REGULAMIN\u00a0<\/em><\/strong> <strong><em>PRZEDSZKOLA NR 4 W S\u0141AWNIE<\/em><\/strong> <\/p>\n\n\n\n<p><strong>im. Krasnala Ha\u0142aba\u0142y w S\u0142awnie<\/strong><\/p>\n\n\n\n<p><strong><em>Podstawa prawna: art. 68 ust.1 pkt.1,6 Ustawy Prawo O\u015bwiatowe Dz. U. 59 z p\u00f3\u017a.zm.<\/em><\/strong><\/p>\n\n\n\n<p>Przedszkole jest plac\u00f3wk\u0105 wychowawczo- opieku\u0144czo- dydaktyczn\u0105, kt\u00f3ra zapewnia wychowanie i opiek\u0119 dzieciom od lat trzech do rozpocz\u0119cia nauki w szkole.\u00a0<\/p>\n\n\n\n<p><strong><em>1. W przedszkolu funkcjonuj\u0105 regulaminy, procedury zwi\u0105zane z organizacj\u0105 pracy, zachowaniem bezpiecze\u0144stwa dziecka w przedszkolu, kt\u00f3rych nale\u017cy przestrzega\u0107.<\/em><\/strong><\/p>\n\n\n\n<p><strong><em>2. Przedszkole jest otwarte pi\u0119\u0107 dni w tygodniu tj. od poniedzia\u0142ku do pi\u0105tku w godzinach 6:30- 16:30.<\/em><\/strong><\/p>\n\n\n\n<p><strong><em>3. Podstaw\u0119 przyj\u0119cia&nbsp; dziecka&nbsp; do plac\u00f3wki przedszkolnej&nbsp; stanowi dok\u0142adnie&nbsp; wype\u0142niona&nbsp; karta zg\u0142oszenia.<\/em><\/strong><\/p>\n\n\n\n<p><strong><em>4.Dziecko&nbsp; przyj\u0119te&nbsp; do przedszkola powinno regularnie do niego ucz\u0119szcza\u0107.<br>5. Przerwa w ucz\u0119szczaniu do przedszkola mo\u017ce nast\u0105pi\u0107 tylko z wa\u017cnych powod\u00f3w (choroba dziecka) po uprzednim porozumieniu z dyrektorem&nbsp; przedszkola.<br>6. Do przedszkola mo\u017ce ucz\u0119szcza\u0107 jedynie dziecko zdrowe.<br>7. Nauczyciel nie podaj\u0105 lek\u00f3w dzieciom w trakcie pobytu dziecka w przedszkolu.<br>8. W przypadku choroby zaka\u017anej dziecka rodzice\/ prawni opiekunowie zobowi\u0105zani s\u0105 do natychmiastowego zawiadomienia o tym fakcie dyrektora przedszkola lub wychowawc\u0119.<\/em><\/strong><\/p>\n\n\n\n<p><strong><em>9. Rodzic po przebytej chorobie dziecka sk\u0142ada o\u015bwiadczenie o stanie zdrowia dziecka.<\/em><\/strong><\/p>\n\n\n\n<p><strong><em>10.Str\u00f3j dziecka powinien by\u0107 wygodny nie kr\u0119puj\u0105cy ruch\u00f3w.<br>11.Rodzice dzieci przyj\u0119tych do przedszkola mog\u0105 skorzysta\u0107 z formy ubezpieczenia proponowanej w danych roku szkolnym.<\/em><\/strong><\/p>\n\n\n\n<p><strong><em>12. Ubezpieczenie dziecka jest dobrowolne.<br>13. Rodzic przyprowadza i odbiera dziecko z plac\u00f3wki w godzinach funkcjonowania od 6:30 do 16:30.<\/em><\/strong><\/p>\n\n\n\n<p><strong><em>14. Dziecko przyprowadzone do plac\u00f3wki powinno by\u0107 odprowadzone bezpo\u015brednio do grupy w kt\u00f3rej opiek\u0119 przejmuje nauczyciel. Zabrania si\u0119 pozostawiania dziecka samego w szatni lub na holu przedszkola.<br>15. Dziecko powinno by\u0107 odebrane z Przedszkola&nbsp; przez rodzic\u00f3w lub upowa\u017cnion\u0105 przez rodzic\u00f3w osob\u0119 zapewniaj\u0105c\u0105 dziecku pe\u0142ne bezpiecze\u0144stwo.<br>16. W poszczeg\u00f3lnych oddzia\u0142ach wiekowych realizowane s\u0105&nbsp; zaj\u0119cia zgodne z Podstaw\u0105 Programow\u0105 Wychowania Przedszkolnego w oparciu o wybrane programy.<br>17. Uznaj\u0105c prawo do religijnego wychowania dzieci, przedszkole umo\u017cliwia nauk\u0119 religii tym wychowankom, kt\u00f3rych Rodzice wyra\u017caj\u0105 takie \u017cyczenie.<br>18. Przedszkole prowadzi \u017cywienie dzieci. Ta dzia\u0142alno\u015b\u0107 jest w pe\u0142ni odp\u0142atna przez rodzic\u00f3w. Stawk\u0119 dzienn\u0105 za \u017cywienie dzieci ustala dyrektor w porozumieniu z organem prowadz\u0105cym.<br>19. Op\u0142at\u0119 za pobyt dzieci w przedszkolu nale\u017cy ui\u015bci\u0107 w nieprzekraczalnym terminie do 10 dnia&nbsp; nast\u0119pnego miesi\u0105ca.<br>20. Dyrektor Przedszkola ma prawo skre\u015bli\u0107 dziecko z listy ucz\u0119szczaj\u0105cych do przedszkola na zasadach okre\u015blonych w statucie przedszkola.<\/em><\/strong><\/p>\n\n\n\n<p><strong><em>21. Rodzice maj\u0105 prawo wybra\u0107 spo\u015br\u00f3d siebie reprezentacj\u0119 tzw. Rad\u0119 Rodzic\u00f3w, kt\u00f3ra wsp\u00f3\u0142pracuje z dyrektorem. Dzia\u0142alno\u015b\u0107 rady okre\u015bla&nbsp; Regulamin Rady Rodzic\u00f3w.<\/em><\/strong><\/p>\n\n\n\n<p><strong><em>22. Przedszkole nie ponosi odpowiedzialno\u015bci za warto\u015bciowe rzeczy przynoszone&nbsp; do przedszkola.<\/em><\/strong><\/p>\n\n\n\n<p><strong><em>23. W trakcie przyprowadzania i odbierania dzieci nale\u017cy obowi\u0105zkowo zamyka\u0107 bramk\u0119 oraz drzwi wej\u015bciowych.<\/em><\/strong><\/p>\n\n\n\n<p><strong><em>24. Dziecko przyprowadzone do przedszkola&nbsp; rozbiera si\u0119 w szatni pod opiek\u0105 rodzic\u00f3w\/ opiekun\u00f3w prawnych i odprowadzane jest do grupy.<\/em><\/strong><\/p>\n\n\n\n<p><strong><em>25.Odbieranie dzieci nast\u0119puje bezpo\u015brednio z grupy po&nbsp; zasygnalizowaniu nauczycielowi ch\u0119ci odebrania dziecka, od tej chwili za bezpiecze\u0144stwo dziecka odpowiada rodzic.<\/em><\/strong><\/p>\n\n\n\n<p><strong><em>&nbsp;26.Zabawki z kt\u00f3rymi dzieci&nbsp; przychodz\u0105 do przedszkola powinny by\u0107 sprawne, bez wisz\u0105cych element\u00f3w, a baterie, g\u0142o\u015bniki oryginalnie&nbsp; zabezpieczone. W przypadku gdy zabawka stwarza zagro\u017cenie dla innych dzieci nie nale\u017cy jej wnosi\u0107 do grupy gdzie przebywaj\u0105 dzieci ani pozostawia\u0107 w szatni, w przypadku pozostawienia niesprawnej zabawki zostanie ona odpowiednio zabezpieczona i usuni\u0119ta.<\/em><\/strong><\/p>\n\n\n\n<p><strong><em>27.Na p\u00f3\u0142kach indywidualnych w szatni oraz w kieszeniach dzieci\u0119cych ubra\u0144 np.: kieszeniach&nbsp; kurtek, spodni nie powinny znajdowa\u0107 si\u0119 : pieni\u0105dze, gumy do \u017cucia , s\u0142odycze, zabawki( sk\u0142adanki z kinder niespodzianki, klocki lego&nbsp; &#8211; system itp.)&nbsp;<\/em><\/strong><\/p>\n\n\n\n<p><strong><em>28.Dzieci odebranie z przedszkola&nbsp; przez rodzic\u00f3w\/ prawnych opiekun\u00f3w zostaj\u0105 pod bezpo\u015bredni\u0105 ich opiek\u0105:<\/em><\/strong><\/p>\n\n\n\n<p><strong><em>&#8211; nie przemieszczaj\u0105 si\u0119 same po ca\u0142ym obiekcie,<\/em><\/strong><\/p>\n\n\n\n<p><strong><em>&#8211; nie wracaj\u0105&nbsp; do szatni po ubrania bez opieki rodzic\u00f3w\/opiekun\u00f3w prawnych<\/em><\/strong><\/p>\n\n\n\n<p><strong><em>&#8211; nie korzystaj\u0105 same z teren\u00f3w zielonych,<\/em><\/strong><\/p>\n\n\n\n<p><strong><em>&#8211; nie&nbsp; korzystaj\u0105 z ogrodu \u017c\u0142obka,<\/em><\/strong><\/p>\n\n\n\n<p><strong><em>&#8211; rodzice \/prawni opiekunowie korzystaj\u0105c z bazy przedszkola przestrzegaj\u0105 zasad bezpiecze\u0144stwa oraz wykorzystuj\u0105 sprz\u0119t zgodnie z jego przeznaczeniem \u2013 Regulamin korzystania z ogrodu.<\/em><\/strong><\/p>\n\n\n\n<p><strong><em>&#8211; po odebraniu dziecka z grupy nale\u017cy opu\u015bci\u0107 plac\u00f3wk\u0119, nie \u0142\u0105czymy dzieci odebranych przez rodzic\u00f3w\/prawnych opiekun\u00f3w z dzie\u0107mi pozostaj\u0105cymi pod opiek\u0105 nauczycieli.<\/em><\/strong><\/p>\n","protected":false},"excerpt":{"rendered":"<p>REGULAMIN\u00a0 PRZEDSZKOLA NR 4 W S\u0141AWNIE im. Krasnala Ha\u0142aba\u0142y w S\u0142awnie Podstawa prawna: art. 68 ust.1 pkt.1,6 Ustawy Prawo O\u015bwiatowe Dz. U. 59 z p\u00f3\u017a.zm. Przedszkole jest plac\u00f3wk\u0105 wychowawczo- opieku\u0144czo- dydaktyczn\u0105, kt\u00f3ra zapewnia wychowanie i opiek\u0119 dzieciom od lat trzech do rozpocz\u0119cia nauki w szkole.\u00a0 1. W przedszkolu funkcjonuj\u0105 regulaminy, procedury zwi\u0105zane z organizacj\u0105 pracy, &hellip; <a href=\"http:\/\/przedszkole4.slawno.pl\/?page_id=105\" class=\"more-link\">Continue reading<span class=\"screen-reader-text\"> &#8222;Regulamin przedszkola&#8221;<\/span><\/a><\/p>\n","protected":false},"author":1,"featured_media":0,"parent":0,"menu_order":0,"comment_status":"closed","ping_status":"closed","template":"","meta":{"footnotes":""},"class_list":["post-105","page","type-page","status-publish","hentry"],"yoast_head":"<!-- This site is optimized with the Yoast SEO plugin v27.6 - https:\/\/yoast.com\/product\/yoast-seo-wordpress\/ -->\n<title>Regulamin przedszkola - Przedszkole nr 4 im. Krasnala Ha\u0142aba\u0142y, \u017b\u0142obek Miejski w S\u0142awnie<\/title>\n<meta name=\"robots\" content=\"index, follow, max-snippet:-1, max-image-preview:large, max-video-preview:-1\" \/>\n<link rel=\"canonical\" href=\"https:\/\/przedszkole4.slawno.pl\/?page_id=105\" \/>\n<meta name=\"twitter:card\" content=\"summary_large_image\" \/>\n<meta name=\"twitter:title\" content=\"Regulamin przedszkola - Przedszkole nr 4 im. Krasnala Ha\u0142aba\u0142y, \u017b\u0142obek Miejski w S\u0142awnie\" \/>\n<meta name=\"twitter:description\" content=\"REGULAMIN\u00a0 PRZEDSZKOLA NR 4 W S\u0141AWNIE im. Krasnala Ha\u0142aba\u0142y w S\u0142awnie Podstawa prawna: art. 68 ust.1 pkt.1,6 Ustawy Prawo O\u015bwiatowe Dz. U. 59 z p\u00f3\u017a.zm. Przedszkole jest plac\u00f3wk\u0105 wychowawczo- opieku\u0144czo- dydaktyczn\u0105, kt\u00f3ra zapewnia wychowanie i opiek\u0119 dzieciom od lat trzech do rozpocz\u0119cia nauki w szkole.\u00a0 1. W przedszkolu funkcjonuj\u0105 regulaminy, procedury zwi\u0105zane z organizacj\u0105 pracy, &hellip; Continue reading &quot;Regulamin przedszkola&quot;\" \/>\n<meta name=\"twitter:label1\" content=\"Szacowany czas czytania\" \/>\n\t<meta name=\"twitter:data1\" content=\"4 minuty\" \/>\n<script type=\"application\/ld+json\" class=\"yoast-schema-graph\">{\"@context\":\"https:\\\/\\\/schema.org\",\"@graph\":[{\"@type\":\"WebPage\",\"@id\":\"https:\\\/\\\/przedszkole4.slawno.pl\\\/?page_id=105\",\"url\":\"https:\\\/\\\/przedszkole4.slawno.pl\\\/?page_id=105\",\"name\":\"Regulamin przedszkola - Przedszkole nr 4 im. Krasnala Ha\u0142aba\u0142y, \u017b\u0142obek Miejski w S\u0142awnie\",\"isPartOf\":{\"@id\":\"http:\\\/\\\/przedszkole4.slawno.pl\\\/#website\"},\"datePublished\":\"2021-07-28T14:21:25+00:00\",\"dateModified\":\"2023-10-25T13:28:10+00:00\",\"breadcrumb\":{\"@id\":\"https:\\\/\\\/przedszkole4.slawno.pl\\\/?page_id=105#breadcrumb\"},\"inLanguage\":\"pl-PL\",\"potentialAction\":[{\"@type\":\"ReadAction\",\"target\":[\"https:\\\/\\\/przedszkole4.slawno.pl\\\/?page_id=105\"]}]},{\"@type\":\"BreadcrumbList\",\"@id\":\"https:\\\/\\\/przedszkole4.slawno.pl\\\/?page_id=105#breadcrumb\",\"itemListElement\":[{\"@type\":\"ListItem\",\"position\":1,\"name\":\"Strona g\u0142\u00f3wna\",\"item\":\"http:\\\/\\\/przedszkole4.slawno.pl\\\/\"},{\"@type\":\"ListItem\",\"position\":2,\"name\":\"Regulamin przedszkola\"}]},{\"@type\":\"WebSite\",\"@id\":\"http:\\\/\\\/przedszkole4.slawno.pl\\\/#website\",\"url\":\"http:\\\/\\\/przedszkole4.slawno.pl\\\/\",\"name\":\"Przedszkole nr 4 im. Krasnala Ha\u0142aba\u0142y, \u017b\u0142obek Miejski w S\u0142awnie\",\"description\":\"Krasnal Ha\u0142aba\u0142a\",\"potentialAction\":[{\"@type\":\"SearchAction\",\"target\":{\"@type\":\"EntryPoint\",\"urlTemplate\":\"http:\\\/\\\/przedszkole4.slawno.pl\\\/?s={search_term_string}\"},\"query-input\":{\"@type\":\"PropertyValueSpecification\",\"valueRequired\":true,\"valueName\":\"search_term_string\"}}],\"inLanguage\":\"pl-PL\"}]}<\/script>\n<!-- \/ Yoast SEO plugin. -->","yoast_head_json":{"title":"Regulamin przedszkola - Przedszkole nr 4 im. Krasnala Ha\u0142aba\u0142y, \u017b\u0142obek Miejski w S\u0142awnie","robots":{"index":"index","follow":"follow","max-snippet":"max-snippet:-1","max-image-preview":"max-image-preview:large","max-video-preview":"max-video-preview:-1"},"canonical":"https:\/\/przedszkole4.slawno.pl\/?page_id=105","twitter_card":"summary_large_image","twitter_title":"Regulamin przedszkola - Przedszkole nr 4 im. Krasnala Ha\u0142aba\u0142y, \u017b\u0142obek Miejski w S\u0142awnie","twitter_description":"REGULAMIN\u00a0 PRZEDSZKOLA NR 4 W S\u0141AWNIE im. Krasnala Ha\u0142aba\u0142y w S\u0142awnie Podstawa prawna: art. 68 ust.1 pkt.1,6 Ustawy Prawo O\u015bwiatowe Dz. U. 59 z p\u00f3\u017a.zm. Przedszkole jest plac\u00f3wk\u0105 wychowawczo- opieku\u0144czo- dydaktyczn\u0105, kt\u00f3ra zapewnia wychowanie i opiek\u0119 dzieciom od lat trzech do rozpocz\u0119cia nauki w szkole.\u00a0 1. W przedszkolu funkcjonuj\u0105 regulaminy, procedury zwi\u0105zane z organizacj\u0105 pracy, &hellip; Continue reading \"Regulamin przedszkola\"","twitter_misc":{"Szacowany czas czytania":"4 minuty"},"schema":{"@context":"https:\/\/schema.org","@graph":[{"@type":"WebPage","@id":"https:\/\/przedszkole4.slawno.pl\/?page_id=105","url":"https:\/\/przedszkole4.slawno.pl\/?page_id=105","name":"Regulamin przedszkola - Przedszkole nr 4 im. Krasnala Ha\u0142aba\u0142y, \u017b\u0142obek Miejski w S\u0142awnie","isPartOf":{"@id":"http:\/\/przedszkole4.slawno.pl\/#website"},"datePublished":"2021-07-28T14:21:25+00:00","dateModified":"2023-10-25T13:28:10+00:00","breadcrumb":{"@id":"https:\/\/przedszkole4.slawno.pl\/?page_id=105#breadcrumb"},"inLanguage":"pl-PL","potentialAction":[{"@type":"ReadAction","target":["https:\/\/przedszkole4.slawno.pl\/?page_id=105"]}]},{"@type":"BreadcrumbList","@id":"https:\/\/przedszkole4.slawno.pl\/?page_id=105#breadcrumb","itemListElement":[{"@type":"ListItem","position":1,"name":"Strona g\u0142\u00f3wna","item":"http:\/\/przedszkole4.slawno.pl\/"},{"@type":"ListItem","position":2,"name":"Regulamin przedszkola"}]},{"@type":"WebSite","@id":"http:\/\/przedszkole4.slawno.pl\/#website","url":"http:\/\/przedszkole4.slawno.pl\/","name":"Przedszkole nr 4 im. Krasnala Ha\u0142aba\u0142y, \u017b\u0142obek Miejski w S\u0142awnie","description":"Krasnal Ha\u0142aba\u0142a","potentialAction":[{"@type":"SearchAction","target":{"@type":"EntryPoint","urlTemplate":"http:\/\/przedszkole4.slawno.pl\/?s={search_term_string}"},"query-input":{"@type":"PropertyValueSpecification","valueRequired":true,"valueName":"search_term_string"}}],"inLanguage":"pl-PL"}]}},"_links":{"self":[{"href":"http:\/\/przedszkole4.slawno.pl\/index.php?rest_route=\/wp\/v2\/pages\/105","targetHints":{"allow":["GET"]}}],"collection":[{"href":"http:\/\/przedszkole4.slawno.pl\/index.php?rest_route=\/wp\/v2\/pages"}],"about":[{"href":"http:\/\/przedszkole4.slawno.pl\/index.php?rest_route=\/wp\/v2\/types\/page"}],"author":[{"embeddable":true,"href":"http:\/\/przedszkole4.slawno.pl\/index.php?rest_route=\/wp\/v2\/users\/1"}],"replies":[{"embeddable":true,"href":"http:\/\/przedszkole4.slawno.pl\/index.php?rest_route=%2Fwp%2Fv2%2Fcomments&post=105"}],"version-history":[{"count":6,"href":"http:\/\/przedszkole4.slawno.pl\/index.php?rest_route=\/wp\/v2\/pages\/105\/revisions"}],"predecessor-version":[{"id":5586,"href":"http:\/\/przedszkole4.slawno.pl\/index.php?rest_route=\/wp\/v2\/pages\/105\/revisions\/5586"}],"wp:attachment":[{"href":"http:\/\/przedszkole4.slawno.pl\/index.php?rest_route=%2Fwp%2Fv2%2Fmedia&parent=105"}],"curies":[{"name":"wp","href":"https:\/\/api.w.org\/{rel}","templated":true}]}}