{"id":109,"date":"2021-07-28T16:23:45","date_gmt":"2021-07-28T14:23:45","guid":{"rendered":"http:\/\/przedszkole4.slawno.pl\/?page_id=109"},"modified":"2021-07-28T16:23:45","modified_gmt":"2021-07-28T14:23:45","slug":"prawa-rodzicow","status":"publish","type":"page","link":"http:\/\/przedszkole4.slawno.pl\/?page_id=109","title":{"rendered":"Prawa rodzic\u00f3w"},"content":{"rendered":"\n<p>Zg\u0142aszanie uwag i opinii dotycz\u0105cych usprawniania pracy przedszkola ka\u017cdego dnia u dyrektora plac\u00f3wki.<\/p>\n\n\n\n<p>Korzystanie ze spotka\u0144 indywidualnych z nauczycielem prowadz\u0105cym prac\u0119 w grupie.<\/p>\n\n\n\n<p>Wnioskowanie w sprawach tworzenia warunk\u00f3w materialnych przedszkola.<\/p>\n\n\n\n<p>Zapoznanie si\u0119 z zadaniami podejmowanymi przez przedszkole, dotycz\u0105cymi realizacji planu rozwoju, planu wychowawczego.<\/p>\n\n\n\n<p>Poznanie zasad eksperyment\u00f3w i dzia\u0142a\u0144 innowacyjnych prowadzonych na terenie przedszkola.<\/p>\n\n\n\n<p>Uzyskiwania na bie\u017c\u0105co informacji o dziecku (obserwacja, diagnoza).<\/p>\n\n\n\n<p>Uzyskiwania porad i wskaz\u00f3wek od nauczycieli w rozpoznawaniu trudno\u015bci wychowawczych oraz doborze metod udzielania dziecku pomocy.<\/p>\n","protected":false},"excerpt":{"rendered":"<p>Zg\u0142aszanie uwag i opinii dotycz\u0105cych usprawniania pracy przedszkola ka\u017cdego dnia u dyrektora plac\u00f3wki. Korzystanie ze spotka\u0144 indywidualnych z nauczycielem prowadz\u0105cym prac\u0119 w grupie. Wnioskowanie w sprawach tworzenia warunk\u00f3w materialnych przedszkola. Zapoznanie si\u0119 z zadaniami podejmowanymi przez przedszkole, dotycz\u0105cymi realizacji planu rozwoju, planu wychowawczego. Poznanie zasad eksperyment\u00f3w i dzia\u0142a\u0144 innowacyjnych prowadzonych na terenie przedszkola. Uzyskiwania na &hellip; <a href=\"http:\/\/przedszkole4.slawno.pl\/?page_id=109\" class=\"more-link\">Continue reading<span class=\"screen-reader-text\"> &#8222;Prawa rodzic\u00f3w&#8221;<\/span><\/a><\/p>\n","protected":false},"author":1,"featured_media":0,"parent":0,"menu_order":0,"comment_status":"closed","ping_status":"closed","template":"","meta":{"footnotes":""},"class_list":["post-109","page","type-page","status-publish","hentry"],"yoast_head":"<!-- This site is optimized with the Yoast SEO plugin v27.3 - https:\/\/yoast.com\/product\/yoast-seo-wordpress\/ -->\n<title>Prawa rodzic\u00f3w - Przedszkole nr 4 im. Krasnala Ha\u0142aba\u0142y, \u017b\u0142obek Miejski w S\u0142awnie<\/title>\n<meta name=\"robots\" content=\"index, follow, max-snippet:-1, max-image-preview:large, max-video-preview:-1\" \/>\n<link rel=\"canonical\" href=\"https:\/\/przedszkole4.slawno.pl\/?page_id=109\" \/>\n<meta name=\"twitter:card\" content=\"summary_large_image\" \/>\n<meta name=\"twitter:title\" content=\"Prawa rodzic\u00f3w - Przedszkole nr 4 im. Krasnala Ha\u0142aba\u0142y, \u017b\u0142obek Miejski w S\u0142awnie\" \/>\n<meta name=\"twitter:description\" content=\"Zg\u0142aszanie uwag i opinii dotycz\u0105cych usprawniania pracy przedszkola ka\u017cdego dnia u dyrektora plac\u00f3wki. Korzystanie ze spotka\u0144 indywidualnych z nauczycielem prowadz\u0105cym prac\u0119 w grupie. Wnioskowanie w sprawach tworzenia warunk\u00f3w materialnych przedszkola. Zapoznanie si\u0119 z zadaniami podejmowanymi przez przedszkole, dotycz\u0105cymi realizacji planu rozwoju, planu wychowawczego. Poznanie zasad eksperyment\u00f3w i dzia\u0142a\u0144 innowacyjnych prowadzonych na terenie przedszkola. Uzyskiwania na &hellip; Continue reading &quot;Prawa rodzic\u00f3w&quot;\" \/>\n<script type=\"application\/ld+json\" class=\"yoast-schema-graph\">{\"@context\":\"https:\\\/\\\/schema.org\",\"@graph\":[{\"@type\":\"WebPage\",\"@id\":\"https:\\\/\\\/przedszkole4.slawno.pl\\\/?page_id=109\",\"url\":\"https:\\\/\\\/przedszkole4.slawno.pl\\\/?page_id=109\",\"name\":\"Prawa rodzic\u00f3w - Przedszkole nr 4 im. Krasnala Ha\u0142aba\u0142y, \u017b\u0142obek Miejski w S\u0142awnie\",\"isPartOf\":{\"@id\":\"https:\\\/\\\/przedszkole4.slawno.pl\\\/#website\"},\"datePublished\":\"2021-07-28T14:23:45+00:00\",\"breadcrumb\":{\"@id\":\"https:\\\/\\\/przedszkole4.slawno.pl\\\/?page_id=109#breadcrumb\"},\"inLanguage\":\"pl-PL\",\"potentialAction\":[{\"@type\":\"ReadAction\",\"target\":[\"https:\\\/\\\/przedszkole4.slawno.pl\\\/?page_id=109\"]}]},{\"@type\":\"BreadcrumbList\",\"@id\":\"https:\\\/\\\/przedszkole4.slawno.pl\\\/?page_id=109#breadcrumb\",\"itemListElement\":[{\"@type\":\"ListItem\",\"position\":1,\"name\":\"Strona g\u0142\u00f3wna\",\"item\":\"https:\\\/\\\/przedszkole4.slawno.pl\\\/\"},{\"@type\":\"ListItem\",\"position\":2,\"name\":\"Prawa rodzic\u00f3w\"}]},{\"@type\":\"WebSite\",\"@id\":\"https:\\\/\\\/przedszkole4.slawno.pl\\\/#website\",\"url\":\"https:\\\/\\\/przedszkole4.slawno.pl\\\/\",\"name\":\"Przedszkole nr 4 im. Krasnala Ha\u0142aba\u0142y, \u017b\u0142obek Miejski w S\u0142awnie\",\"description\":\"Krasnal Ha\u0142aba\u0142a\",\"potentialAction\":[{\"@type\":\"SearchAction\",\"target\":{\"@type\":\"EntryPoint\",\"urlTemplate\":\"https:\\\/\\\/przedszkole4.slawno.pl\\\/?s={search_term_string}\"},\"query-input\":{\"@type\":\"PropertyValueSpecification\",\"valueRequired\":true,\"valueName\":\"search_term_string\"}}],\"inLanguage\":\"pl-PL\"}]}<\/script>\n<!-- \/ Yoast SEO plugin. -->","yoast_head_json":{"title":"Prawa rodzic\u00f3w - Przedszkole nr 4 im. Krasnala Ha\u0142aba\u0142y, \u017b\u0142obek Miejski w S\u0142awnie","robots":{"index":"index","follow":"follow","max-snippet":"max-snippet:-1","max-image-preview":"max-image-preview:large","max-video-preview":"max-video-preview:-1"},"canonical":"https:\/\/przedszkole4.slawno.pl\/?page_id=109","twitter_card":"summary_large_image","twitter_title":"Prawa rodzic\u00f3w - Przedszkole nr 4 im. Krasnala Ha\u0142aba\u0142y, \u017b\u0142obek Miejski w S\u0142awnie","twitter_description":"Zg\u0142aszanie uwag i opinii dotycz\u0105cych usprawniania pracy przedszkola ka\u017cdego dnia u dyrektora plac\u00f3wki. Korzystanie ze spotka\u0144 indywidualnych z nauczycielem prowadz\u0105cym prac\u0119 w grupie. Wnioskowanie w sprawach tworzenia warunk\u00f3w materialnych przedszkola. Zapoznanie si\u0119 z zadaniami podejmowanymi przez przedszkole, dotycz\u0105cymi realizacji planu rozwoju, planu wychowawczego. Poznanie zasad eksperyment\u00f3w i dzia\u0142a\u0144 innowacyjnych prowadzonych na terenie przedszkola. Uzyskiwania na &hellip; Continue reading \"Prawa rodzic\u00f3w\"","schema":{"@context":"https:\/\/schema.org","@graph":[{"@type":"WebPage","@id":"https:\/\/przedszkole4.slawno.pl\/?page_id=109","url":"https:\/\/przedszkole4.slawno.pl\/?page_id=109","name":"Prawa rodzic\u00f3w - Przedszkole nr 4 im. Krasnala Ha\u0142aba\u0142y, \u017b\u0142obek Miejski w S\u0142awnie","isPartOf":{"@id":"https:\/\/przedszkole4.slawno.pl\/#website"},"datePublished":"2021-07-28T14:23:45+00:00","breadcrumb":{"@id":"https:\/\/przedszkole4.slawno.pl\/?page_id=109#breadcrumb"},"inLanguage":"pl-PL","potentialAction":[{"@type":"ReadAction","target":["https:\/\/przedszkole4.slawno.pl\/?page_id=109"]}]},{"@type":"BreadcrumbList","@id":"https:\/\/przedszkole4.slawno.pl\/?page_id=109#breadcrumb","itemListElement":[{"@type":"ListItem","position":1,"name":"Strona g\u0142\u00f3wna","item":"https:\/\/przedszkole4.slawno.pl\/"},{"@type":"ListItem","position":2,"name":"Prawa rodzic\u00f3w"}]},{"@type":"WebSite","@id":"https:\/\/przedszkole4.slawno.pl\/#website","url":"https:\/\/przedszkole4.slawno.pl\/","name":"Przedszkole nr 4 im. Krasnala Ha\u0142aba\u0142y, \u017b\u0142obek Miejski w S\u0142awnie","description":"Krasnal Ha\u0142aba\u0142a","potentialAction":[{"@type":"SearchAction","target":{"@type":"EntryPoint","urlTemplate":"https:\/\/przedszkole4.slawno.pl\/?s={search_term_string}"},"query-input":{"@type":"PropertyValueSpecification","valueRequired":true,"valueName":"search_term_string"}}],"inLanguage":"pl-PL"}]}},"_links":{"self":[{"href":"http:\/\/przedszkole4.slawno.pl\/index.php?rest_route=\/wp\/v2\/pages\/109","targetHints":{"allow":["GET"]}}],"collection":[{"href":"http:\/\/przedszkole4.slawno.pl\/index.php?rest_route=\/wp\/v2\/pages"}],"about":[{"href":"http:\/\/przedszkole4.slawno.pl\/index.php?rest_route=\/wp\/v2\/types\/page"}],"author":[{"embeddable":true,"href":"http:\/\/przedszkole4.slawno.pl\/index.php?rest_route=\/wp\/v2\/users\/1"}],"replies":[{"embeddable":true,"href":"http:\/\/przedszkole4.slawno.pl\/index.php?rest_route=%2Fwp%2Fv2%2Fcomments&post=109"}],"version-history":[{"count":1,"href":"http:\/\/przedszkole4.slawno.pl\/index.php?rest_route=\/wp\/v2\/pages\/109\/revisions"}],"predecessor-version":[{"id":110,"href":"http:\/\/przedszkole4.slawno.pl\/index.php?rest_route=\/wp\/v2\/pages\/109\/revisions\/110"}],"wp:attachment":[{"href":"http:\/\/przedszkole4.slawno.pl\/index.php?rest_route=%2Fwp%2Fv2%2Fmedia&parent=109"}],"curies":[{"name":"wp","href":"https:\/\/api.w.org\/{rel}","templated":true}]}}