{"id":287,"date":"2024-12-02T18:34:59","date_gmt":"2024-12-02T17:34:59","guid":{"rendered":"http:\/\/przedszkole4.slawno.pl\/?page_id=287"},"modified":"2026-04-30T13:46:41","modified_gmt":"2026-04-30T11:46:41","slug":"zamierzenia-dydaktyczno-wychowawcze-zlobka","status":"publish","type":"page","link":"http:\/\/przedszkole4.slawno.pl\/?page_id=287","title":{"rendered":"Zamierzenia dydaktyczno-wychowawcze \u017c\u0142obka"},"content":{"rendered":"\n<p><strong>MAJ<\/strong><\/p>\n\n\n\n<p>&#8211; rozwijanie koordynacji wzrokowo &#8211; ruchowej<\/p>\n\n\n\n<p>&#8211; aktywne uczestniczenie w zabawach ruchowych, ko\u0142owych i na\u015bladowczych<\/p>\n\n\n\n<p>&#8211; kszta\u0142towanie poczucia rytmu<\/p>\n\n\n\n<p>&#8211; budzenie w dzieciach pozytywnych uczu\u0107 i emocji zwi\u0105zanych ze zbli\u017caj\u0105cym si\u0119 Dniem Rodziny<\/p>\n\n\n\n<p><strong>KWIECIE\u0143<\/strong><\/p>\n\n\n\n<p>&#8211; zapoznanie dzieci ze zwyczajami \u015awi\u0105t Wielkiejnocy<\/p>\n\n\n\n<p>&#8211; obserwowanie zmian zachodz\u0105cych w przyrodzie w zwi\u0105zku z nadej\u015bciem wiosny<\/p>\n\n\n\n<p>&#8211; kszta\u0142cenie umiej\u0119tno\u015bci s\u0142uchania innych<\/p>\n\n\n\n<p>&#8211; doskonalenie czynno\u015bci samoobs\u0142ugowych<\/p>\n\n\n\n<p>MARZEC<\/p>\n\n\n\n<p>&#8211; kszta\u0142towanie \u017cyczliwych postaw wobec innych<\/p>\n\n\n\n<p>&#8211; rozwijanie umiej\u0119tno\u015bci d\u0142u\u017cszego skupiania uwagi na jednej czynno\u015bci lub zabawie<\/p>\n\n\n\n<p>&#8211; usprawnianie pracy d\u0142oni i rozw\u00f3j zr\u0119czno\u015bci &#8211; piramidy, wk\u0142adanki, uk\u0142adanki<\/p>\n\n\n\n<p>&#8211; spacery w poszukiwaniu wiosny<\/p>\n\n\n\n<p><strong>LUTY<\/strong><\/p>\n\n\n\n<p>&#8211; wpajanie nawyk\u00f3w higienicznych i porz\u0105dkowych;<\/p>\n\n\n\n<p>&#8211; utrwalanie pozytywnych zachowa\u0144 w grupie: siedzenie w p\u00f3\u0142kolu, czekanie na swoj\u0105 kolej, dzielenie si\u0119 z innymi dzie\u0107mi zabawkami;<\/p>\n\n\n\n<p>&#8211; stymulowanie proces\u00f3w spostrzegania i uwagi oraz koordynacji wzrokowo-ruchowej;<\/p>\n\n\n\n<p>&#8211; \u0107wiczenia rytmiczne: klaskanie, tupanie, skakanie w rytm piosenki;<\/p>\n\n\n\n<p><\/p>\n\n\n\n<p><strong>STYCZE\u0143<\/strong><\/p>\n\n\n\n<p>&#8211; kontynuacja nauki samodzielnego spo\u017cywania posi\u0142k\u00f3w;<\/p>\n\n\n\n<p>&#8211; manipulowanie zabawkami d\u017awi\u0119kona\u015bladowczymi;<\/p>\n\n\n\n<p>&#8211; rozwijanie mowy czynnej i biernej;<\/p>\n\n\n\n<p>&#8211; pr\u00f3by na\u015bladowania gest\u00f3w wykonywanych przez opiekunk\u0119 podczas s\u0142uchania piosenek;<\/p>\n\n\n\n<p>-Dzie\u0144 Babci i Dziadka &#8211; wzmacnianie wi\u0119zi uczuciowej z rodzin\u0105;<\/p>\n\n\n\n<p><strong>GRUDZIE\u0143<\/strong><\/p>\n\n\n\n<p>&#8211; poznanie tradycji \u015bwi\u0105tecznej zwi\u0105zanej z postaci\u0105 \u015awi\u0119tego Miko\u0142aja;<\/p>\n\n\n\n<p>&#8211; poznanie tradycji i zwyczaj\u00f3w \u015bwi\u0105tecznych;<\/p>\n\n\n\n<p>&#8211; rozwijanie ciekawo\u015bci poznawczej, pomys\u0142owo\u015bci i wyobra\u017ani;<\/p>\n\n\n\n<p><\/p>\n\n\n\n<p><strong>LISTOPAD<\/strong><\/p>\n\n\n\n<p>&#8211; poznanie barw narodowych Polski<\/p>\n\n\n\n<p>&#8211; rozumienie potrzeby ubierania si\u0119 stosownie do panuj\u0105cych warunk\u00f3w pogodowych<\/p>\n\n\n\n<p>&#8211; aktywne uczestniczenie w zabawach ruchowych, muzycznych i na\u015bladowczych<\/p>\n\n\n\n<p>&#8211; rozwijanie koordynacji wzrokowo-ruchowej<\/p>\n\n\n\n<p><\/p>\n\n\n\n<p><strong>PA\u0179DZIERNIK<\/strong><\/p>\n\n\n\n<p>&#8211; zapoznanie dzieci z now\u0105 por\u0105 roku &#8211; jesie\u0144<\/p>\n\n\n\n<p>&#8211; poznawanie r\u00f3\u017cnych owoc\u00f3w i warzyw<\/p>\n\n\n\n<p>&#8211; kszta\u0142towanie poczucia rytmu<\/p>\n\n\n\n<p>&#8211; rozwijanie proces\u00f3w poznawczych<\/p>\n\n\n\n<p><\/p>\n\n\n\n<p><strong>WRZESIE\u0143<\/strong> <\/p>\n\n\n\n<p>&#8211; zaznajomienie dzieci z wyposa\u017ceniem sali, jego przeznaczeniem i sposobem u\u017cytkowania;<\/p>\n\n\n\n<p>&#8211; wyrabianie umiej\u0119tno\u015bci radzenia sobie z emocjami podczas rozstania z rodzicami;<\/p>\n\n\n\n<p>&#8211; zapewnienie dzieciom poczucia bezpiecze\u0144stwa w nowym, \u017c\u0142obkowym \u015brodowisku;<\/p>\n\n\n\n<p>&#8211; wdra\u017canie do zgodnego wsp\u00f3\u0142\u017cycia i dzia\u0142ania w grupie;<\/p>\n\n\n\n<p>&#8211; budowanie przynale\u017cno\u015bci do grupy;<\/p>\n\n\n\n<p><\/p>\n","protected":false},"excerpt":{"rendered":"<p>MAJ &#8211; rozwijanie koordynacji wzrokowo &#8211; ruchowej &#8211; aktywne uczestniczenie w zabawach ruchowych, ko\u0142owych i na\u015bladowczych &#8211; kszta\u0142towanie poczucia rytmu &#8211; budzenie w dzieciach pozytywnych uczu\u0107 i emocji zwi\u0105zanych ze zbli\u017caj\u0105cym si\u0119 Dniem Rodziny KWIECIE\u0143 &#8211; zapoznanie dzieci ze zwyczajami \u015awi\u0105t Wielkiejnocy &#8211; obserwowanie zmian zachodz\u0105cych w przyrodzie w zwi\u0105zku z nadej\u015bciem wiosny &#8211; kszta\u0142cenie &hellip; <a href=\"http:\/\/przedszkole4.slawno.pl\/?page_id=287\" class=\"more-link\">Continue reading<span class=\"screen-reader-text\"> &#8222;Zamierzenia dydaktyczno-wychowawcze \u017c\u0142obka&#8221;<\/span><\/a><\/p>\n","protected":false},"author":1,"featured_media":0,"parent":0,"menu_order":0,"comment_status":"closed","ping_status":"closed","template":"","meta":{"footnotes":""},"class_list":["post-287","page","type-page","status-publish","hentry"],"yoast_head":"<!-- This site is optimized with the Yoast SEO plugin v27.6 - https:\/\/yoast.com\/product\/yoast-seo-wordpress\/ -->\n<title>Zamierzenia dydaktyczno-wychowawcze \u017c\u0142obka - Przedszkole nr 4 im. Krasnala Ha\u0142aba\u0142y, \u017b\u0142obek Miejski w S\u0142awnie<\/title>\n<meta name=\"robots\" content=\"index, follow, max-snippet:-1, max-image-preview:large, max-video-preview:-1\" \/>\n<link rel=\"canonical\" href=\"https:\/\/przedszkole4.slawno.pl\/?page_id=287\" \/>\n<meta name=\"twitter:card\" content=\"summary_large_image\" \/>\n<meta name=\"twitter:title\" content=\"Zamierzenia dydaktyczno-wychowawcze \u017c\u0142obka - Przedszkole nr 4 im. Krasnala Ha\u0142aba\u0142y, \u017b\u0142obek Miejski w S\u0142awnie\" \/>\n<meta name=\"twitter:description\" content=\"MAJ &#8211; rozwijanie koordynacji wzrokowo &#8211; ruchowej &#8211; aktywne uczestniczenie w zabawach ruchowych, ko\u0142owych i na\u015bladowczych &#8211; kszta\u0142towanie poczucia rytmu &#8211; budzenie w dzieciach pozytywnych uczu\u0107 i emocji zwi\u0105zanych ze zbli\u017caj\u0105cym si\u0119 Dniem Rodziny KWIECIE\u0143 &#8211; zapoznanie dzieci ze zwyczajami \u015awi\u0105t Wielkiejnocy &#8211; obserwowanie zmian zachodz\u0105cych w przyrodzie w zwi\u0105zku z nadej\u015bciem wiosny &#8211; kszta\u0142cenie &hellip; Continue reading &quot;Zamierzenia dydaktyczno-wychowawcze \u017c\u0142obka&quot;\" \/>\n<meta name=\"twitter:label1\" content=\"Szacowany czas czytania\" \/>\n\t<meta name=\"twitter:data1\" content=\"2 minuty\" \/>\n<script type=\"application\/ld+json\" class=\"yoast-schema-graph\">{\"@context\":\"https:\\\/\\\/schema.org\",\"@graph\":[{\"@type\":\"WebPage\",\"@id\":\"https:\\\/\\\/przedszkole4.slawno.pl\\\/?page_id=287\",\"url\":\"https:\\\/\\\/przedszkole4.slawno.pl\\\/?page_id=287\",\"name\":\"Zamierzenia dydaktyczno-wychowawcze \u017c\u0142obka - Przedszkole nr 4 im. Krasnala Ha\u0142aba\u0142y, \u017b\u0142obek Miejski w S\u0142awnie\",\"isPartOf\":{\"@id\":\"http:\\\/\\\/przedszkole4.slawno.pl\\\/#website\"},\"datePublished\":\"2024-12-02T17:34:59+00:00\",\"dateModified\":\"2026-04-30T11:46:41+00:00\",\"breadcrumb\":{\"@id\":\"https:\\\/\\\/przedszkole4.slawno.pl\\\/?page_id=287#breadcrumb\"},\"inLanguage\":\"pl-PL\",\"potentialAction\":[{\"@type\":\"ReadAction\",\"target\":[\"https:\\\/\\\/przedszkole4.slawno.pl\\\/?page_id=287\"]}]},{\"@type\":\"BreadcrumbList\",\"@id\":\"https:\\\/\\\/przedszkole4.slawno.pl\\\/?page_id=287#breadcrumb\",\"itemListElement\":[{\"@type\":\"ListItem\",\"position\":1,\"name\":\"Strona g\u0142\u00f3wna\",\"item\":\"http:\\\/\\\/przedszkole4.slawno.pl\\\/\"},{\"@type\":\"ListItem\",\"position\":2,\"name\":\"Zamierzenia dydaktyczno-wychowawcze \u017c\u0142obka\"}]},{\"@type\":\"WebSite\",\"@id\":\"http:\\\/\\\/przedszkole4.slawno.pl\\\/#website\",\"url\":\"http:\\\/\\\/przedszkole4.slawno.pl\\\/\",\"name\":\"Przedszkole nr 4 im. Krasnala Ha\u0142aba\u0142y, \u017b\u0142obek Miejski w S\u0142awnie\",\"description\":\"Krasnal Ha\u0142aba\u0142a\",\"potentialAction\":[{\"@type\":\"SearchAction\",\"target\":{\"@type\":\"EntryPoint\",\"urlTemplate\":\"http:\\\/\\\/przedszkole4.slawno.pl\\\/?s={search_term_string}\"},\"query-input\":{\"@type\":\"PropertyValueSpecification\",\"valueRequired\":true,\"valueName\":\"search_term_string\"}}],\"inLanguage\":\"pl-PL\"}]}<\/script>\n<!-- \/ Yoast SEO plugin. -->","yoast_head_json":{"title":"Zamierzenia dydaktyczno-wychowawcze \u017c\u0142obka - Przedszkole nr 4 im. Krasnala Ha\u0142aba\u0142y, \u017b\u0142obek Miejski w S\u0142awnie","robots":{"index":"index","follow":"follow","max-snippet":"max-snippet:-1","max-image-preview":"max-image-preview:large","max-video-preview":"max-video-preview:-1"},"canonical":"https:\/\/przedszkole4.slawno.pl\/?page_id=287","twitter_card":"summary_large_image","twitter_title":"Zamierzenia dydaktyczno-wychowawcze \u017c\u0142obka - Przedszkole nr 4 im. Krasnala Ha\u0142aba\u0142y, \u017b\u0142obek Miejski w S\u0142awnie","twitter_description":"MAJ &#8211; rozwijanie koordynacji wzrokowo &#8211; ruchowej &#8211; aktywne uczestniczenie w zabawach ruchowych, ko\u0142owych i na\u015bladowczych &#8211; kszta\u0142towanie poczucia rytmu &#8211; budzenie w dzieciach pozytywnych uczu\u0107 i emocji zwi\u0105zanych ze zbli\u017caj\u0105cym si\u0119 Dniem Rodziny KWIECIE\u0143 &#8211; zapoznanie dzieci ze zwyczajami \u015awi\u0105t Wielkiejnocy &#8211; obserwowanie zmian zachodz\u0105cych w przyrodzie w zwi\u0105zku z nadej\u015bciem wiosny &#8211; kszta\u0142cenie &hellip; Continue reading \"Zamierzenia dydaktyczno-wychowawcze \u017c\u0142obka\"","twitter_misc":{"Szacowany czas czytania":"2 minuty"},"schema":{"@context":"https:\/\/schema.org","@graph":[{"@type":"WebPage","@id":"https:\/\/przedszkole4.slawno.pl\/?page_id=287","url":"https:\/\/przedszkole4.slawno.pl\/?page_id=287","name":"Zamierzenia dydaktyczno-wychowawcze \u017c\u0142obka - Przedszkole nr 4 im. Krasnala Ha\u0142aba\u0142y, \u017b\u0142obek Miejski w S\u0142awnie","isPartOf":{"@id":"http:\/\/przedszkole4.slawno.pl\/#website"},"datePublished":"2024-12-02T17:34:59+00:00","dateModified":"2026-04-30T11:46:41+00:00","breadcrumb":{"@id":"https:\/\/przedszkole4.slawno.pl\/?page_id=287#breadcrumb"},"inLanguage":"pl-PL","potentialAction":[{"@type":"ReadAction","target":["https:\/\/przedszkole4.slawno.pl\/?page_id=287"]}]},{"@type":"BreadcrumbList","@id":"https:\/\/przedszkole4.slawno.pl\/?page_id=287#breadcrumb","itemListElement":[{"@type":"ListItem","position":1,"name":"Strona g\u0142\u00f3wna","item":"http:\/\/przedszkole4.slawno.pl\/"},{"@type":"ListItem","position":2,"name":"Zamierzenia dydaktyczno-wychowawcze \u017c\u0142obka"}]},{"@type":"WebSite","@id":"http:\/\/przedszkole4.slawno.pl\/#website","url":"http:\/\/przedszkole4.slawno.pl\/","name":"Przedszkole nr 4 im. Krasnala Ha\u0142aba\u0142y, \u017b\u0142obek Miejski w S\u0142awnie","description":"Krasnal Ha\u0142aba\u0142a","potentialAction":[{"@type":"SearchAction","target":{"@type":"EntryPoint","urlTemplate":"http:\/\/przedszkole4.slawno.pl\/?s={search_term_string}"},"query-input":{"@type":"PropertyValueSpecification","valueRequired":true,"valueName":"search_term_string"}}],"inLanguage":"pl-PL"}]}},"_links":{"self":[{"href":"http:\/\/przedszkole4.slawno.pl\/index.php?rest_route=\/wp\/v2\/pages\/287","targetHints":{"allow":["GET"]}}],"collection":[{"href":"http:\/\/przedszkole4.slawno.pl\/index.php?rest_route=\/wp\/v2\/pages"}],"about":[{"href":"http:\/\/przedszkole4.slawno.pl\/index.php?rest_route=\/wp\/v2\/types\/page"}],"author":[{"embeddable":true,"href":"http:\/\/przedszkole4.slawno.pl\/index.php?rest_route=\/wp\/v2\/users\/1"}],"replies":[{"embeddable":true,"href":"http:\/\/przedszkole4.slawno.pl\/index.php?rest_route=%2Fwp%2Fv2%2Fcomments&post=287"}],"version-history":[{"count":49,"href":"http:\/\/przedszkole4.slawno.pl\/index.php?rest_route=\/wp\/v2\/pages\/287\/revisions"}],"predecessor-version":[{"id":10695,"href":"http:\/\/przedszkole4.slawno.pl\/index.php?rest_route=\/wp\/v2\/pages\/287\/revisions\/10695"}],"wp:attachment":[{"href":"http:\/\/przedszkole4.slawno.pl\/index.php?rest_route=%2Fwp%2Fv2%2Fmedia&parent=287"}],"curies":[{"name":"wp","href":"https:\/\/api.w.org\/{rel}","templated":true}]}}